{"id":1013,"date":"2022-08-18T11:03:26","date_gmt":"2022-08-18T09:03:26","guid":{"rendered":"https:\/\/hoteleliseos.es\/environment\/"},"modified":"2025-06-03T18:55:43","modified_gmt":"2025-06-03T16:55:43","slug":"environment","status":"publish","type":"page","link":"https:\/\/hoteleliseos.es\/en\/environment\/","title":{"rendered":"Environment"},"content":{"rendered":"\t\t<div data-elementor-type=\"wp-page\" data-elementor-id=\"1013\" class=\"elementor elementor-1013 elementor-126\" data-elementor-post-type=\"page\">\n\t\t\t\t\t\t<section class=\"elementor-section elementor-top-section elementor-element elementor-element-8ef7c5d elementor-section-boxed elementor-section-height-default elementor-section-height-default\" data-id=\"8ef7c5d\" data-element_type=\"section\" data-e-type=\"section\" data-settings=\"{&quot;background_background&quot;:&quot;classic&quot;}\">\n\t\t\t\t\t\t\t<div class=\"elementor-background-overlay\"><\/div>\n\t\t\t\t\t\t\t<div class=\"elementor-container elementor-column-gap-default\">\n\t\t\t\t\t<div class=\"elementor-column elementor-col-100 elementor-top-column elementor-element elementor-element-6924c5d\" data-id=\"6924c5d\" data-element_type=\"column\" data-e-type=\"column\">\n\t\t\t<div class=\"elementor-widget-wrap elementor-element-populated\">\n\t\t\t\t\t\t<div class=\"elementor-element elementor-element-95266a1 elementor-widget elementor-widget-heading\" data-id=\"95266a1\" data-element_type=\"widget\" data-e-type=\"widget\" data-widget_type=\"heading.default\">\n\t\t\t\t\t<h1 class=\"elementor-heading-title elementor-size-default\">The Environment<\/h1>\t\t\t\t<\/div>\n\t\t\t\t<div class=\"elementor-element elementor-element-312422b elementor-widget elementor-widget-text-editor\" data-id=\"312422b\" data-element_type=\"widget\" data-e-type=\"widget\" data-widget_type=\"text-editor.default\">\n\t\t\t\t\t\t\t\t\t<p>In <b>Campos El\u00edseos from M\u00e1laga<\/b> <em>(Elysian, from the Greek: Heaven and Happiness).<\/em><\/p><p>The Hotel is a detached building, of high quality, but without luxuries. The Hotel provides rooms of different categories according to location, view and size in a total of 75 units. The City of Malaga, provides you with luxury, culture and fun.<\/p><p>At the entrance to the Hotel the client will be offered, if he\/she wishes, a glass of Malaga wine as a welcome gift and always in our slogan<\/p>\t\t\t\t\t\t\t\t<\/div>\n\t\t\t\t<div class=\"elementor-element elementor-element-f456307 elementor-widget elementor-widget-heading\" data-id=\"f456307\" data-element_type=\"widget\" data-e-type=\"widget\" data-widget_type=\"heading.default\">\n\t\t\t\t\t<h2 class=\"elementor-heading-title elementor-size-default\">Come to Malaga to have fun!<\/h2>\t\t\t\t<\/div>\n\t\t\t\t<div class=\"elementor-element elementor-element-0e64de7 elementor-widget elementor-widget-text-editor\" data-id=\"0e64de7\" data-element_type=\"widget\" data-e-type=\"widget\" data-widget_type=\"text-editor.default\">\n\t\t\t\t\t\t\t\t\t<p>The Hotel is the best located in the City in relation to its facilities.<\/p><p>In front of the Plaza de Toros of Malaga, and is equipped with <strong>100 parking spaces <\/strong>with prices at 50% of the market in special attention to our customers.<\/p><p>Towards the South, the Port of Malaga, we say the phrase: <strong><em>\u201cthe Hotel has a PORT AT ITS DOOR (IGY Malaga Marina)\u201d.<\/em><\/strong><\/p><p>To the east, the wide <strong>beaches of La Malagueta<\/strong>, with magnificent and luxurious beach bars and luxury facilities, only 400 meters from the Hotel.<\/p><p>To the west, the <strong>main park of Malaga<\/strong>, with botanical species and centennial plants. We could almost say that the Hotel is inside the park and in the historic center of Malaga, with the main museums and cultural and commercial facilities, the park at 150 meters and the center at 400 meters.<\/p><p>To the North, there is no building, since it borders the previously named <strong><em>Campos <\/em><i>El\u00edseos<\/i><\/strong> (formerly \u201c<em>Hacienda del Placer<\/em>\u201d), which is the hill of Gibralfaro, crowned by the <strong>Castle of Gibralfaro and the Moorish Alcazaba of Malaga<\/strong>. The Mount protects the Hotel building from high temperatures and cold.<\/p>\t\t\t\t\t\t\t\t<\/div>\n\t\t\t\t\t<\/div>\n\t\t<\/div>\n\t\t\t\t\t<\/div>\n\t\t<\/section>\n\t\t\t\t<section class=\"elementor-section elementor-top-section elementor-element elementor-element-d86ef69 elementor-section-boxed elementor-section-height-default elementor-section-height-default\" data-id=\"d86ef69\" data-element_type=\"section\" data-e-type=\"section\" data-settings=\"{&quot;background_background&quot;:&quot;classic&quot;}\">\n\t\t\t\t\t\t\t<div class=\"elementor-background-overlay\"><\/div>\n\t\t\t\t\t\t\t<div class=\"elementor-container elementor-column-gap-default\">\n\t\t\t\t\t<div class=\"elementor-column elementor-col-100 elementor-top-column elementor-element elementor-element-931c891\" data-id=\"931c891\" data-element_type=\"column\" data-e-type=\"column\">\n\t\t\t<div class=\"elementor-widget-wrap elementor-element-populated\">\n\t\t\t\t\t\t<div class=\"elementor-element elementor-element-aaefe64 elementor-widget elementor-widget-heading\" data-id=\"aaefe64\" data-element_type=\"widget\" data-e-type=\"widget\" data-widget_type=\"heading.default\">\n\t\t\t\t\t<h2 class=\"elementor-heading-title elementor-size-default\">Come to Malaga to have fun!<\/h2>\t\t\t\t<\/div>\n\t\t\t\t<div class=\"elementor-element elementor-element-a3fa682 elementor-widget elementor-widget-heading\" data-id=\"a3fa682\" data-element_type=\"widget\" data-e-type=\"widget\" data-widget_type=\"heading.default\">\n\t\t\t\t\t<h2 class=\"elementor-heading-title elementor-size-default\">M\u00e1laga Hotel El\u00edseos, for the Andalusian Culture and Traditions<\/h2>\t\t\t\t<\/div>\n\t\t\t\t<div class=\"elementor-element elementor-element-c0223a7 elementor-arrows-position-outside carrouselleyenda elementor-widget elementor-widget-image-carousel\" data-id=\"c0223a7\" data-element_type=\"widget\" data-e-type=\"widget\" data-settings=\"{&quot;navigation&quot;:&quot;arrows&quot;,&quot;slides_to_show&quot;:&quot;1&quot;,&quot;autoplay&quot;:&quot;yes&quot;,&quot;pause_on_hover&quot;:&quot;yes&quot;,&quot;pause_on_interaction&quot;:&quot;yes&quot;,&quot;autoplay_speed&quot;:5000,&quot;infinite&quot;:&quot;yes&quot;,&quot;effect&quot;:&quot;slide&quot;,&quot;speed&quot;:500}\" data-widget_type=\"image-carousel.default\">\n\t\t\t\t\t\t\t<div class=\"elementor-image-carousel-wrapper swiper\" role=\"region\" aria-roledescription=\"carousel\" aria-label=\"Image Carousel\" dir=\"ltr\">\n\t\t\t<div class=\"elementor-image-carousel swiper-wrapper\" aria-live=\"off\">\n\t\t\t\t\t\t\t\t<div class=\"swiper-slide\" role=\"group\" aria-roledescription=\"slide\" aria-label=\"1 of 9\"><a data-elementor-open-lightbox=\"yes\" data-elementor-lightbox-slideshow=\"c0223a7\" data-e-action-hash=\"#elementor-action%3Aaction%3Dlightbox%26settings%3DeyJpZCI6OTc0LCJ1cmwiOiJodHRwczpcL1wvaG90ZWxlbGlzZW9zLmVzXC93cC1jb250ZW50XC91cGxvYWRzXC8yMDIyXC8wOFwvRW50b3Juby0wLmpwZyIsInNsaWRlc2hvdyI6ImMwMjIzYTcifQ%3D%3D\" href=\"https:\/\/hoteleliseos.es\/wp-content\/uploads\/2022\/08\/Entorno-0.jpg\"><figure class=\"swiper-slide-inner\"><img decoding=\"async\" class=\"swiper-slide-image\" src=\"https:\/\/hoteleliseos.es\/wp-content\/uploads\/2022\/08\/Entorno-0-768x576.jpg\" alt=\"Monte forestal de Gibralfaro y Plaza de Toros de M\u00e1laga\" \/><figcaption class=\"elementor-image-carousel-caption\">Monte forestal de Gibralfaro y Plaza de Toros de M\u00e1laga<\/figcaption><\/figure><\/a><\/div><div class=\"swiper-slide\" role=\"group\" aria-roledescription=\"slide\" aria-label=\"2 of 9\"><a data-elementor-open-lightbox=\"yes\" data-elementor-lightbox-slideshow=\"c0223a7\" data-e-action-hash=\"#elementor-action%3Aaction%3Dlightbox%26settings%3DeyJpZCI6OTc1LCJ1cmwiOiJodHRwczpcL1wvaG90ZWxlbGlzZW9zLmVzXC93cC1jb250ZW50XC91cGxvYWRzXC8yMDIyXC8wOFwvRW50b3Juby0xLmpwZyIsInNsaWRlc2hvdyI6ImMwMjIzYTcifQ%3D%3D\" href=\"https:\/\/hoteleliseos.es\/wp-content\/uploads\/2022\/08\/Entorno-1.jpg\"><figure class=\"swiper-slide-inner\"><img decoding=\"async\" class=\"swiper-slide-image\" src=\"https:\/\/hoteleliseos.es\/wp-content\/uploads\/2022\/08\/Entorno-1-768x510.jpg\" alt=\"Muelle Uno, un puerto en su puerta\" \/><figcaption class=\"elementor-image-carousel-caption\">Muelle Uno, un puerto en su puerta<\/figcaption><\/figure><\/a><\/div><div class=\"swiper-slide\" role=\"group\" aria-roledescription=\"slide\" aria-label=\"3 of 9\"><a data-elementor-open-lightbox=\"yes\" data-elementor-lightbox-slideshow=\"c0223a7\" data-e-action-hash=\"#elementor-action%3Aaction%3Dlightbox%26settings%3DeyJpZCI6OTc2LCJ1cmwiOiJodHRwczpcL1wvaG90ZWxlbGlzZW9zLmVzXC93cC1jb250ZW50XC91cGxvYWRzXC8yMDIyXC8wOFwvRW50b3Juby0yLmpwZyIsInNsaWRlc2hvdyI6ImMwMjIzYTcifQ%3D%3D\" href=\"https:\/\/hoteleliseos.es\/wp-content\/uploads\/2022\/08\/Entorno-2.jpg\"><figure class=\"swiper-slide-inner\"><img decoding=\"async\" class=\"swiper-slide-image\" src=\"https:\/\/hoteleliseos.es\/wp-content\/uploads\/2022\/08\/Entorno-2-768x510.jpg\" alt=\"Playa de la Malagueta, situada a 400m del Hotel El\u00edseos\" \/><figcaption class=\"elementor-image-carousel-caption\">Playa de la Malagueta, situada a 400m del Hotel El\u00edseos<\/figcaption><\/figure><\/a><\/div><div class=\"swiper-slide\" role=\"group\" aria-roledescription=\"slide\" aria-label=\"4 of 9\"><a data-elementor-open-lightbox=\"yes\" data-elementor-lightbox-slideshow=\"c0223a7\" data-e-action-hash=\"#elementor-action%3Aaction%3Dlightbox%26settings%3DeyJpZCI6OTc3LCJ1cmwiOiJodHRwczpcL1wvaG90ZWxlbGlzZW9zLmVzXC93cC1jb250ZW50XC91cGxvYWRzXC8yMDIyXC8wOFwvRW50b3Juby0zLmpwZyIsInNsaWRlc2hvdyI6ImMwMjIzYTcifQ%3D%3D\" href=\"https:\/\/hoteleliseos.es\/wp-content\/uploads\/2022\/08\/Entorno-3.jpg\"><figure class=\"swiper-slide-inner\"><img decoding=\"async\" class=\"swiper-slide-image\" src=\"https:\/\/hoteleliseos.es\/wp-content\/uploads\/2022\/08\/Entorno-3-768x412.jpg\" alt=\"Museo Pompidou M\u00e1laga\" \/><figcaption class=\"elementor-image-carousel-caption\">Museo Pompidou M\u00e1laga<\/figcaption><\/figure><\/a><\/div><div class=\"swiper-slide\" role=\"group\" aria-roledescription=\"slide\" aria-label=\"5 of 9\"><a data-elementor-open-lightbox=\"yes\" data-elementor-lightbox-slideshow=\"c0223a7\" data-e-action-hash=\"#elementor-action%3Aaction%3Dlightbox%26settings%3DeyJpZCI6OTc4LCJ1cmwiOiJodHRwczpcL1wvaG90ZWxlbGlzZW9zLmVzXC93cC1jb250ZW50XC91cGxvYWRzXC8yMDIyXC8wOFwvRW50b3Juby00LmpwZyIsInNsaWRlc2hvdyI6ImMwMjIzYTcifQ%3D%3D\" href=\"https:\/\/hoteleliseos.es\/wp-content\/uploads\/2022\/08\/Entorno-4.jpg\"><figure class=\"swiper-slide-inner\"><img decoding=\"async\" class=\"swiper-slide-image\" src=\"https:\/\/hoteleliseos.es\/wp-content\/uploads\/2022\/08\/Entorno-4-768x576.jpg\" alt=\"Capilla de la Inmaculada Concepci\u00f3n 1728\" \/><figcaption class=\"elementor-image-carousel-caption\">Capilla de la Inmaculada Concepci\u00f3n 1728<\/figcaption><\/figure><\/a><\/div><div class=\"swiper-slide\" role=\"group\" aria-roledescription=\"slide\" aria-label=\"6 of 9\"><a data-elementor-open-lightbox=\"yes\" data-elementor-lightbox-slideshow=\"c0223a7\" data-e-action-hash=\"#elementor-action%3Aaction%3Dlightbox%26settings%3DeyJpZCI6OTc5LCJ1cmwiOiJodHRwczpcL1wvaG90ZWxlbGlzZW9zLmVzXC93cC1jb250ZW50XC91cGxvYWRzXC8yMDIyXC8wOFwvRW50b3Juby01LmpwZyIsInNsaWRlc2hvdyI6ImMwMjIzYTcifQ%3D%3D\" href=\"https:\/\/hoteleliseos.es\/wp-content\/uploads\/2022\/08\/Entorno-5.jpg\"><figure class=\"swiper-slide-inner\"><img decoding=\"async\" class=\"swiper-slide-image\" src=\"https:\/\/hoteleliseos.es\/wp-content\/uploads\/2022\/08\/Entorno-5-768x576.jpg\" alt=\"Paseo comercial Muelle 1. Al fondo la blanca Farola del Puerto ICONO de la ciudad hacia el mar a\u00f1o 1816\" \/><figcaption class=\"elementor-image-carousel-caption\">Paseo comercial Muelle 1. Al fondo la blanca Farola del Puerto ICONO de la ciudad hacia el mar a\u00f1o 1816<\/figcaption><\/figure><\/a><\/div><div class=\"swiper-slide\" role=\"group\" aria-roledescription=\"slide\" aria-label=\"7 of 9\"><a data-elementor-open-lightbox=\"yes\" data-elementor-lightbox-slideshow=\"c0223a7\" data-e-action-hash=\"#elementor-action%3Aaction%3Dlightbox%26settings%3DeyJpZCI6OTgwLCJ1cmwiOiJodHRwczpcL1wvaG90ZWxlbGlzZW9zLmVzXC93cC1jb250ZW50XC91cGxvYWRzXC8yMDIyXC8wOFwvRW50b3Juby02LmpwZyIsInNsaWRlc2hvdyI6ImMwMjIzYTcifQ%3D%3D\" href=\"https:\/\/hoteleliseos.es\/wp-content\/uploads\/2022\/08\/Entorno-6.jpg\"><figure class=\"swiper-slide-inner\"><img decoding=\"async\" class=\"swiper-slide-image\" src=\"https:\/\/hoteleliseos.es\/wp-content\/uploads\/2022\/08\/Entorno-6-768x529.jpg\" alt=\"Emblem\u00e1tico Parque de M\u00e1laga, a 50m del Hotel El\u00edseos\" \/><figcaption class=\"elementor-image-carousel-caption\">Emblem\u00e1tico Parque de M\u00e1laga, a 50m del Hotel El\u00edseos<\/figcaption><\/figure><\/a><\/div><div class=\"swiper-slide\" role=\"group\" aria-roledescription=\"slide\" aria-label=\"8 of 9\"><a data-elementor-open-lightbox=\"yes\" data-elementor-lightbox-slideshow=\"c0223a7\" data-e-action-hash=\"#elementor-action%3Aaction%3Dlightbox%26settings%3DeyJpZCI6OTgxLCJ1cmwiOiJodHRwczpcL1wvaG90ZWxlbGlzZW9zLmVzXC93cC1jb250ZW50XC91cGxvYWRzXC8yMDIyXC8wOFwvRW50b3Juby03LmpwZyIsInNsaWRlc2hvdyI6ImMwMjIzYTcifQ%3D%3D\" href=\"https:\/\/hoteleliseos.es\/wp-content\/uploads\/2022\/08\/Entorno-7.jpg\"><figure class=\"swiper-slide-inner\"><img decoding=\"async\" class=\"swiper-slide-image\" src=\"https:\/\/hoteleliseos.es\/wp-content\/uploads\/2022\/08\/Entorno-7-768x576.jpg\" alt=\"Parque forestal de Gibralfaro, linderos norte del hotel El\u00edseos\" \/><figcaption class=\"elementor-image-carousel-caption\">Parque forestal de Gibralfaro, linderos norte del hotel El\u00edseos<\/figcaption><\/figure><\/a><\/div><div class=\"swiper-slide\" role=\"group\" aria-roledescription=\"slide\" aria-label=\"9 of 9\"><a data-elementor-open-lightbox=\"yes\" data-elementor-lightbox-slideshow=\"c0223a7\" data-e-action-hash=\"#elementor-action%3Aaction%3Dlightbox%26settings%3DeyJpZCI6OTgyLCJ1cmwiOiJodHRwczpcL1wvaG90ZWxlbGlzZW9zLmVzXC93cC1jb250ZW50XC91cGxvYWRzXC8yMDIyXC8wOFwvRW50b3Juby04LmpwZyIsInNsaWRlc2hvdyI6ImMwMjIzYTcifQ%3D%3D\" href=\"https:\/\/hoteleliseos.es\/wp-content\/uploads\/2022\/08\/Entorno-8.jpg\"><figure class=\"swiper-slide-inner\"><img decoding=\"async\" class=\"swiper-slide-image\" src=\"https:\/\/hoteleliseos.es\/wp-content\/uploads\/2022\/08\/Entorno-8-768x365.jpg\" alt=\"Cons\u00faltanos sobre celebraciones singulares\" \/><figcaption class=\"elementor-image-carousel-caption\">Cons\u00faltanos sobre celebraciones singulares<\/figcaption><\/figure><\/a><\/div>\t\t\t<\/div>\n\t\t\t\t\t\t\t\t\t\t\t\t<div class=\"elementor-swiper-button elementor-swiper-button-prev\" role=\"button\" tabindex=\"0\">\n\t\t\t\t\t\t<svg aria-hidden=\"true\" class=\"e-font-icon-svg e-eicon-chevron-left\" viewBox=\"0 0 1000 1000\" xmlns=\"http:\/\/www.w3.org\/2000\/svg\"><path d=\"M646 125C629 125 613 133 604 142L308 442C296 454 292 471 292 487 292 504 296 521 308 533L604 854C617 867 629 875 646 875 663 875 679 871 692 858 704 846 713 829 713 812 713 796 708 779 692 767L438 487 692 225C700 217 708 204 708 187 708 171 704 154 692 142 675 129 663 125 646 125Z\"><\/path><\/svg>\t\t\t\t\t<\/div>\n\t\t\t\t\t<div class=\"elementor-swiper-button elementor-swiper-button-next\" role=\"button\" tabindex=\"0\">\n\t\t\t\t\t\t<svg aria-hidden=\"true\" class=\"e-font-icon-svg e-eicon-chevron-right\" viewBox=\"0 0 1000 1000\" xmlns=\"http:\/\/www.w3.org\/2000\/svg\"><path d=\"M696 533C708 521 713 504 713 487 713 471 708 454 696 446L400 146C388 133 375 125 354 125 338 125 325 129 313 142 300 154 292 171 292 187 292 204 296 221 308 233L563 492 304 771C292 783 288 800 288 817 288 833 296 850 308 863 321 871 338 875 354 875 371 875 388 867 400 854L696 533Z\"><\/path><\/svg>\t\t\t\t\t<\/div>\n\t\t\t\t\n\t\t\t\t\t\t\t\t\t<\/div>\n\t\t\t\t\t\t<\/div>\n\t\t\t\t\t<\/div>\n\t\t<\/div>\n\t\t\t\t\t<\/div>\n\t\t<\/section>\n\t\t\t\t<\/div>\n\t\t","protected":false},"excerpt":{"rendered":"<p>The Environment In Campos El\u00edseos from M\u00e1laga (Elysian, from the Greek: Heaven and Happiness). The Hotel is a detached building, of high quality, but without luxuries. The Hotel provides rooms of different categories according to location, view and size in a total of 75 units. The City of Malaga, provides you with luxury, culture and [&hellip;]<\/p>\n","protected":false},"author":1,"featured_media":0,"parent":0,"menu_order":0,"comment_status":"closed","ping_status":"closed","template":"","meta":{"footnotes":""},"class_list":["post-1013","page","type-page","status-publish","hentry"],"_links":{"self":[{"href":"https:\/\/hoteleliseos.es\/en\/wp-json\/wp\/v2\/pages\/1013","targetHints":{"allow":["GET"]}}],"collection":[{"href":"https:\/\/hoteleliseos.es\/en\/wp-json\/wp\/v2\/pages"}],"about":[{"href":"https:\/\/hoteleliseos.es\/en\/wp-json\/wp\/v2\/types\/page"}],"author":[{"embeddable":true,"href":"https:\/\/hoteleliseos.es\/en\/wp-json\/wp\/v2\/users\/1"}],"replies":[{"embeddable":true,"href":"https:\/\/hoteleliseos.es\/en\/wp-json\/wp\/v2\/comments?post=1013"}],"version-history":[{"count":3,"href":"https:\/\/hoteleliseos.es\/en\/wp-json\/wp\/v2\/pages\/1013\/revisions"}],"predecessor-version":[{"id":1073,"href":"https:\/\/hoteleliseos.es\/en\/wp-json\/wp\/v2\/pages\/1013\/revisions\/1073"}],"wp:attachment":[{"href":"https:\/\/hoteleliseos.es\/en\/wp-json\/wp\/v2\/media?parent=1013"}],"curies":[{"name":"wp","href":"https:\/\/api.w.org\/{rel}","templated":true}]}}